{"id":3304,"date":"2014-12-02T19:22:21","date_gmt":"2014-12-02T19:22:21","guid":{"rendered":"http:\/\/themes.goodlayers.com\/thekeynote\/?page_id=3304"},"modified":"2026-02-21T18:07:37","modified_gmt":"2026-02-21T18:07:37","slug":"homepage","status":"publish","type":"page","link":"https:\/\/2026.tellme-symp.org\/","title":{"rendered":"TELL.ME 2026"},"content":{"rendered":"\n<figure class=\"wp-block-image size-full\"><img loading=\"lazy\" decoding=\"async\" width=\"1920\" height=\"600\" src=\"https:\/\/2026.tellme-symp.org\/wp-content\/uploads\/2025\/12\/banner_.png\" alt=\"\" class=\"wp-image-4211\" srcset=\"https:\/\/2026.tellme-symp.org\/wp-content\/uploads\/2025\/12\/banner_.png 1920w, https:\/\/2026.tellme-symp.org\/wp-content\/uploads\/2025\/12\/banner_-300x94.png 300w, https:\/\/2026.tellme-symp.org\/wp-content\/uploads\/2025\/12\/banner_-1024x320.png 1024w, https:\/\/2026.tellme-symp.org\/wp-content\/uploads\/2025\/12\/banner_-768x240.png 768w, https:\/\/2026.tellme-symp.org\/wp-content\/uploads\/2025\/12\/banner_-1536x480.png 1536w\" sizes=\"auto, (max-width: 1920px) 100vw, 1920px\" \/><\/figure>\n\n\n\n<div style=\"height:22px\" aria-hidden=\"true\" class=\"wp-block-spacer\"><\/div>\n\n\n\n<figure class=\"wp-block-image size-full\"><img loading=\"lazy\" decoding=\"async\" width=\"1920\" height=\"600\" src=\"https:\/\/2026.tellme-symp.org\/wp-content\/uploads\/2026\/01\/banner-imagens-R.png\" alt=\"\" class=\"wp-image-4464\" srcset=\"https:\/\/2026.tellme-symp.org\/wp-content\/uploads\/2026\/01\/banner-imagens-R.png 1920w, https:\/\/2026.tellme-symp.org\/wp-content\/uploads\/2026\/01\/banner-imagens-R-300x94.png 300w, https:\/\/2026.tellme-symp.org\/wp-content\/uploads\/2026\/01\/banner-imagens-R-1024x320.png 1024w, https:\/\/2026.tellme-symp.org\/wp-content\/uploads\/2026\/01\/banner-imagens-R-768x240.png 768w, https:\/\/2026.tellme-symp.org\/wp-content\/uploads\/2026\/01\/banner-imagens-R-1536x480.png 1536w\" sizes=\"auto, (max-width: 1920px) 100vw, 1920px\" \/><\/figure>\n\n\n\n<div style=\"height:78px\" aria-hidden=\"true\" class=\"wp-block-spacer\"><\/div>\n\n\n\n<h2 class=\"wp-block-heading has-black-color has-text-color has-link-color wp-elements-6ff3bac3fe3a79f7ad264aaf6afb58c3\">Explore the Power of Biographical Narratives at Tell.Me 2026<\/h2>\n\n\n\n<p class=\"has-black-color has-text-color has-link-color wp-elements-ff464ded387f5a83b2cf68e95ca1a5f6\">In a world overwhelmed with information and images, where digital media significantly influence how identity and collective memory are shaped, it is crucial to understand how life stories are documented, interpreted, and transformed through modern technologies. <\/p>\n\n\n\n<p class=\"has-black-color has-text-color has-link-color wp-elements-cc2e0c52553a5aa6e88f51b4dde75321\"><strong>Biographical narratives<\/strong>\u2014whether <strong>documentary<\/strong>, <strong>artistic<\/strong>, or <strong>educational<\/strong>\u2014serve as key bridges between personal experience and culture. They help preserve memories and knowledge while also challenging social, political, and cultural frameworks by reinterpreting them across various formats and digital platforms. <\/p>\n\n\n\n<p class=\"has-black-color has-text-color has-link-color wp-elements-8c05dbdb8e5e2f42965973e0eb3cdd7d\">In the fields of the arts, humanities, and education, the merging of biography and digital media opens <strong>new opportunities for crafting, sharing, and understanding stories<\/strong>, leading to changes in artistic and teaching practices and encouraging innovative ways of social engagement.<\/p>\n\n\n\n<p class=\"has-text-align-center\">&#8212;&#8212;&#8212;&#8212;&#8212;&#8212;<\/p>\n\n\n\n<p class=\"has-black-color has-text-color has-link-color wp-elements-69a491c78b608379dd8270301068c8ad\">Join us on May 28-29, 2026, for the <strong>Tell.Me 2026<\/strong> Symposium \u2013 a dynamic event exploring how personal stories can foster media-information-literacy and celebrate cultural diversity in modern cities.<\/p>\n\n\n\n<p class=\"has-black-color has-text-color has-link-color wp-elements-8ec4f8ce3cd0ef02d81f9a2cb353e87e\">Through <strong>invited lectures<\/strong>, <strong>research presentations<\/strong>, and contributions from <strong>artists and storytellers<\/strong> from the four corners of the world, we will discover how biographical narratives:  <\/p>\n\n\n\n<p class=\"has-black-color has-text-color has-link-color wp-elements-af5bb0a7a7771afe95c97b9397b3c3d2\">1) Deepen understanding of the <strong>pluralism within urban communities<\/strong>, <\/p>\n\n\n\n<p class=\"has-black-color has-text-color has-link-color wp-elements-ec568c0368e5a2931b145ed72d3a898e\">2) Recover <strong>collective memory<\/strong> and value <strong>individual experiences<\/strong>, and <\/p>\n\n\n\n<p class=\"has-black-color has-text-color has-link-color wp-elements-da1d8e2b24209eefc313e78fcb861b25\">3) Contribute to developing <strong>ethical, media-savvy, and culturally-aware cities<\/strong>.<\/p>\n\n\n\n<p class=\"has-text-align-center\">&#8212;&#8212;&#8212;&#8212;&#8212;&#8212;<\/p>\n\n\n\n<p class=\"has-black-color has-text-color has-link-color wp-elements-b71852ba4602009680e14680c4144be0\"><strong><font style=\"vertical-align: inherit;\" dir=\"auto\"><font style=\"vertical-align: inherit;\" dir=\"auto\">O Simp\u00f3sio Tell.Me 2026<\/font><\/font><\/strong><font style=\"vertical-align: inherit;\" dir=\"auto\"><font style=\"vertical-align: inherit;\" dir=\"auto\"> &nbsp;\u00e9 uma organiza\u00e7\u00e3o conjunta da Escola Doutoral e da Faculdade de Letras e Humanidades da <\/font><\/font><a href=\"https:\/\/www.usj.edu.mo\/en\/\" target=\"_blank\" rel=\"noopener\"><strong><font style=\"vertical-align: inherit;\" dir=\"auto\"><font style=\"vertical-align: inherit;\" dir=\"auto\">Universidade de S\u00e3o Jos\u00e9 (USJ)<\/font><\/font><\/strong><font style=\"vertical-align: inherit;\" dir=\"auto\"><font style=\"vertical-align: inherit;\" dir=\"auto\"> em Macau<\/font><\/font><\/a><font style=\"vertical-align: inherit;\" dir=\"auto\"><font style=\"vertical-align: inherit;\" dir=\"auto\"> , da <\/font><\/font><a href=\"https:\/\/artech-international.org\/\" target=\"_blank\" rel=\"noopener\"><strong><font style=\"vertical-align: inherit;\" dir=\"auto\"><font style=\"vertical-align: inherit;\" dir=\"auto\">ARTECH International<\/font><\/font><\/strong><\/a><font style=\"vertical-align: inherit;\" dir=\"auto\"><font style=\"vertical-align: inherit;\" dir=\"auto\"> , <\/font><\/font><a href=\"https:\/\/www.ismat.pt\/en\/\" target=\"_blank\" rel=\"noopener\"><strong><font style=\"vertical-align: inherit;\" dir=\"auto\"><font style=\"vertical-align: inherit;\" dir=\"auto\">do ISMAT-Ensino Lus\u00f3fona<\/font><\/font><\/strong><\/a><font style=\"vertical-align: inherit;\" dir=\"auto\"><font style=\"vertical-align: inherit;\" dir=\"auto\"> , em Portim\u00e3o, Portugal, e da <\/font><\/font><a href=\"http:\/\/University of S\u00e3o Paulo \/ School of Communications and Arts\"><strong><font style=\"vertical-align: inherit;\" dir=\"auto\"><font style=\"vertical-align: inherit;\" dir=\"auto\">Escola de Comunica\u00e7\u00e3o e Artes da Universidade de S\u00e3o Paulo<\/font><\/font><\/strong><\/a><font style=\"vertical-align: inherit;\" dir=\"auto\"><font style=\"vertical-align: inherit;\" dir=\"auto\"> , Brasil; em colabora\u00e7\u00e3o com <\/font><\/font><a href=\"https:\/\/www.unesco.org\/en\/media-information-literacy\/alliance\" target=\"_blank\" rel=\"noopener\"><strong><font style=\"vertical-align: inherit;\" dir=\"auto\"><font style=\"vertical-align: inherit;\" dir=\"auto\">a UNESCO MIL ALLIANCE<\/font><\/font><\/strong><\/a><font style=\"vertical-align: inherit;\" dir=\"auto\"><font style=\"vertical-align: inherit;\" dir=\"auto\"> e <\/font><\/font><a href=\"https:\/\/ciac.pt\/en\/\" target=\"_blank\" rel=\"noopener\"><strong><font style=\"vertical-align: inherit;\" dir=\"auto\"><font style=\"vertical-align: inherit;\" dir=\"auto\">o CIAC \u2013 Centro de Investiga\u00e7\u00e3o em Artes e Comunica\u00e7\u00e3o<\/font><\/font><\/strong><\/a><font style=\"vertical-align: inherit;\" dir=\"auto\"><font style=\"vertical-align: inherit;\" dir=\"auto\"> da Universidade do Algarve, Portugal.<\/font><\/font><\/p>\n\n\n\n<figure class=\"wp-block-image size-large\"><img loading=\"lazy\" decoding=\"async\" width=\"1024\" height=\"320\" src=\"https:\/\/2026.tellme-symp.org\/wp-content\/uploads\/2026\/02\/banner-fotos-conta-me-1024x320.png\" alt=\"\" class=\"wp-image-4624\" srcset=\"https:\/\/2026.tellme-symp.org\/wp-content\/uploads\/2026\/02\/banner-fotos-conta-me-1024x320.png 1024w, https:\/\/2026.tellme-symp.org\/wp-content\/uploads\/2026\/02\/banner-fotos-conta-me-300x94.png 300w, https:\/\/2026.tellme-symp.org\/wp-content\/uploads\/2026\/02\/banner-fotos-conta-me-768x240.png 768w, https:\/\/2026.tellme-symp.org\/wp-content\/uploads\/2026\/02\/banner-fotos-conta-me-1536x480.png 1536w, https:\/\/2026.tellme-symp.org\/wp-content\/uploads\/2026\/02\/banner-fotos-conta-me.png 1920w\" sizes=\"auto, (max-width: 1024px) 100vw, 1024px\" \/><\/figure>\n\n\n\n<figure class=\"wp-block-image size-full\"><img loading=\"lazy\" decoding=\"async\" width=\"1920\" height=\"600\" src=\"https:\/\/2026.tellme-symp.org\/wp-content\/uploads\/2026\/01\/banner-imagens-2.png\" alt=\"\" class=\"wp-image-4296\" srcset=\"https:\/\/2026.tellme-symp.org\/wp-content\/uploads\/2026\/01\/banner-imagens-2.png 1920w, https:\/\/2026.tellme-symp.org\/wp-content\/uploads\/2026\/01\/banner-imagens-2-300x94.png 300w, https:\/\/2026.tellme-symp.org\/wp-content\/uploads\/2026\/01\/banner-imagens-2-1024x320.png 1024w, https:\/\/2026.tellme-symp.org\/wp-content\/uploads\/2026\/01\/banner-imagens-2-768x240.png 768w, https:\/\/2026.tellme-symp.org\/wp-content\/uploads\/2026\/01\/banner-imagens-2-1536x480.png 1536w\" sizes=\"auto, (max-width: 1920px) 100vw, 1920px\" \/><\/figure>\n\n\n\n<blockquote class=\"wp-block-quote is-layout-flow wp-block-quote-is-layout-flow\">\n<p class=\"has-text-align-center\">Images from Tell.Me past editions.  <\/p>\n<\/blockquote>\n\n\n\n<p><\/p>\n","protected":false},"excerpt":{"rendered":"<p>Explore the Power of Biographical Narratives at Tell.Me 2026 In a world overwhelmed with information and images, where digital media significantly influence how identity and collective memory are shaped, it is crucial to understand how life stories are documented, interpreted, and transformed through modern technologies. Biographical narratives\u2014whether documentary, artistic, or educational\u2014serve as key bridges between&#8230; <\/p>\n<div class=\"clear\"><\/div>\n<p><a href=\"https:\/\/2026.tellme-symp.org\/\" class=\"gdlr-info-font excerpt-read-more\">Read More<\/a><\/p>\n","protected":false},"author":2,"featured_media":0,"parent":0,"menu_order":0,"comment_status":"closed","ping_status":"open","template":"","meta":{"footnotes":""},"class_list":["post-3304","page","type-page","status-publish","hentry"],"_links":{"self":[{"href":"https:\/\/2026.tellme-symp.org\/index.php\/wp-json\/wp\/v2\/pages\/3304","targetHints":{"allow":["GET"]}}],"collection":[{"href":"https:\/\/2026.tellme-symp.org\/index.php\/wp-json\/wp\/v2\/pages"}],"about":[{"href":"https:\/\/2026.tellme-symp.org\/index.php\/wp-json\/wp\/v2\/types\/page"}],"author":[{"embeddable":true,"href":"https:\/\/2026.tellme-symp.org\/index.php\/wp-json\/wp\/v2\/users\/2"}],"replies":[{"embeddable":true,"href":"https:\/\/2026.tellme-symp.org\/index.php\/wp-json\/wp\/v2\/comments?post=3304"}],"version-history":[{"count":9,"href":"https:\/\/2026.tellme-symp.org\/index.php\/wp-json\/wp\/v2\/pages\/3304\/revisions"}],"predecessor-version":[{"id":4625,"href":"https:\/\/2026.tellme-symp.org\/index.php\/wp-json\/wp\/v2\/pages\/3304\/revisions\/4625"}],"wp:attachment":[{"href":"https:\/\/2026.tellme-symp.org\/index.php\/wp-json\/wp\/v2\/media?parent=3304"}],"curies":[{"name":"wp","href":"https:\/\/api.w.org\/{rel}","templated":true}]}}